{"id":150,"date":"2019-04-23T14:49:45","date_gmt":"2019-04-23T14:49:45","guid":{"rendered":"http:\/\/amareve.fr\/?page_id=150"},"modified":"2024-08-13T15:12:23","modified_gmt":"2024-08-13T15:12:23","slug":"comediens","status":"publish","type":"page","link":"http:\/\/amareve.fr\/en_en\/comediens\/","title":{"rendered":"Les com\u00e9diens"},"content":{"rendered":"<div data-elementor-type=\"wp-post\" data-elementor-id=\"150\" class=\"elementor elementor-150\">\n\t\t\t\t\t\t<section class=\"elementor-section elementor-top-section elementor-element elementor-element-5304e87 elementor-section-boxed elementor-section-height-default elementor-section-height-default\" data-id=\"5304e87\" data-element_type=\"section\" data-e-type=\"section\">\n\t\t\t\t\t\t<div class=\"elementor-container elementor-column-gap-extended\">\n\t\t\t\t\t<div class=\"elementor-column elementor-col-100 elementor-top-column elementor-element elementor-element-baed135 sc_layouts_column_icons_position_left\" data-id=\"baed135\" data-element_type=\"column\" data-e-type=\"column\">\n\t\t\t<div class=\"elementor-widget-wrap elementor-element-populated\">\n\t\t\t\t\t\t<div class=\"elementor-element elementor-element-9c5705d elementor-widget elementor-widget-spacer\" data-id=\"9c5705d\" data-element_type=\"widget\" data-e-type=\"widget\" data-widget_type=\"spacer.default\">\n\t\t\t\t<div class=\"elementor-widget-container\">\n\t\t\t\t\t\t\t<div class=\"elementor-spacer\">\n\t\t\t<div class=\"elementor-spacer-inner\"><\/div>\n\t\t<\/div>\n\t\t\t\t\t\t<\/div>\n\t\t\t\t<\/div>\n\t\t\t\t\t<\/div>\n\t\t<\/div>\n\t\t\t\t\t<\/div>\n\t\t<\/section>\n\t\t\t\t<section class=\"elementor-section elementor-top-section elementor-element elementor-element-6747cf8 elementor-section-full_width elementor-section-height-default elementor-section-height-default\" data-id=\"6747cf8\" data-element_type=\"section\" data-e-type=\"section\">\n\t\t\t\t\t\t<div class=\"elementor-container elementor-column-gap-extended\">\n\t\t\t\t\t<div class=\"elementor-column elementor-col-100 elementor-top-column elementor-element elementor-element-ff712fb sc_layouts_column_icons_position_left\" data-id=\"ff712fb\" data-element_type=\"column\" data-e-type=\"column\">\n\t\t\t<div class=\"elementor-widget-wrap elementor-element-populated\">\n\t\t\t\t\t\t<div class=\"elementor-element elementor-element-dce2728 elementor-widget elementor-widget-trx_sc_team\" data-id=\"dce2728\" data-element_type=\"widget\" data-e-type=\"widget\" data-widget_type=\"trx_sc_team.default\">\n\t\t\t\t<div class=\"elementor-widget-container\">\n\t\t\t\t\t<div  id=\"trx_sc_team_1905067151\"\t\tclass=\"sc_team color_style_default sc_team_featured\"><div class=\"sc_team_columns_wrap sc_item_columns sc_item_posts_container trx_addons_columns_wrap columns_padding_bottom\"><div class=\"trx_addons_column-1_2\"><div class=\"sc_team_item no_links post-288 cpt_team type-cpt_team status-publish has-post-thumbnail hentry cpt_team_group-comediens\">\r\n\t<div class=\"post_featured sc_team_item_thumb trx_addons_hover trx_addons_hover_style_info\"><a href=\"http:\/\/amareve.fr\/en_en\/team\/weissberg-audrey\/\" aria-hidden=\"true\"><img fetchpriority=\"high\" decoding=\"async\" width=\"600\" height=\"338\" src=\"http:\/\/amareve.fr\/wp-content\/uploads\/2019\/04\/PH-WEISSBERG_Audrey@DR.jpg\" class=\"attachment-trx_addons-thumb-avatar size-trx_addons-thumb-avatar wp-post-image\" alt=\"\" srcset=\"http:\/\/amareve.fr\/wp-content\/uploads\/2019\/04\/PH-WEISSBERG_Audrey@DR.jpg 600w, http:\/\/amareve.fr\/wp-content\/uploads\/2019\/04\/PH-WEISSBERG_Audrey@DR-300x169.jpg 300w, http:\/\/amareve.fr\/wp-content\/uploads\/2019\/04\/PH-WEISSBERG_Audrey@DR-150x85.jpg 150w, http:\/\/amareve.fr\/wp-content\/uploads\/2019\/04\/PH-WEISSBERG_Audrey@DR-18x10.jpg 18w, http:\/\/amareve.fr\/wp-content\/uploads\/2019\/04\/PH-WEISSBERG_Audrey@DR-406x229.jpg 406w, http:\/\/amareve.fr\/wp-content\/uploads\/2019\/04\/PH-WEISSBERG_Audrey@DR-120x68.jpg 120w, http:\/\/amareve.fr\/wp-content\/uploads\/2019\/04\/PH-WEISSBERG_Audrey@DR-297x167.jpg 297w, http:\/\/amareve.fr\/wp-content\/uploads\/2019\/04\/PH-WEISSBERG_Audrey@DR-270x152.jpg 270w\" sizes=\"(max-width: 600px) 100vw, 600px\" \/><\/a><div class=\"trx_addons_hover_content\"><h4 class=\"sc_team_item_title trx_addons_hover_title\"><a href=\"http:\/\/amareve.fr\/en_en\/team\/weissberg-audrey\/\">Audrey Weissberg<\/a><\/h4><div class=\"sc_team_item_subtitle trx_addons_hover_title\"><a href=\"http:\/\/amareve.fr\/en_en\/team\/weissberg-audrey\/\"><\/a><\/div><div class=\"sc_team_item_content trx_addons_hover_text\"><a href=\"http:\/\/amareve.fr\/en_en\/team\/weissberg-audrey\/\">Comm\u00e9dienne<\/a><\/div><div class=\"sc_team_item_socials socials_wrap trx_addons_hover_info\"><\/div><\/div><div class=\"trx_addons_hover_mask\"><\/div><\/div><\/div>\r\n<\/div><div class=\"trx_addons_column-1_2\"><div class=\"sc_team_item no_links post-993 cpt_team type-cpt_team status-publish has-post-thumbnail hentry cpt_team_group-comediens\">\r\n\t<div class=\"post_featured sc_team_item_thumb trx_addons_hover trx_addons_hover_style_info\"><a href=\"http:\/\/amareve.fr\/en_en\/team\/balu-olivier\/\" aria-hidden=\"true\"><img decoding=\"async\" width=\"2560\" height=\"1440\" src=\"http:\/\/amareve.fr\/wp-content\/uploads\/2019\/05\/BALU_Olivier\u00a9Jeep-Stey-scaled.jpg\" class=\"attachment-trx_addons-thumb-avatar size-trx_addons-thumb-avatar wp-post-image\" alt=\"\" srcset=\"http:\/\/amareve.fr\/wp-content\/uploads\/2019\/05\/BALU_Olivier\u00a9Jeep-Stey-scaled.jpg 2560w, http:\/\/amareve.fr\/wp-content\/uploads\/2019\/05\/BALU_Olivier\u00a9Jeep-Stey-300x169.jpg 300w, http:\/\/amareve.fr\/wp-content\/uploads\/2019\/05\/BALU_Olivier\u00a9Jeep-Stey-1024x576.jpg 1024w, http:\/\/amareve.fr\/wp-content\/uploads\/2019\/05\/BALU_Olivier\u00a9Jeep-Stey-150x84.jpg 150w, http:\/\/amareve.fr\/wp-content\/uploads\/2019\/05\/BALU_Olivier\u00a9Jeep-Stey-768x432.jpg 768w, http:\/\/amareve.fr\/wp-content\/uploads\/2019\/05\/BALU_Olivier\u00a9Jeep-Stey-1536x864.jpg 1536w, http:\/\/amareve.fr\/wp-content\/uploads\/2019\/05\/BALU_Olivier\u00a9Jeep-Stey-2048x1152.jpg 2048w, http:\/\/amareve.fr\/wp-content\/uploads\/2019\/05\/BALU_Olivier\u00a9Jeep-Stey-18x10.jpg 18w, http:\/\/amareve.fr\/wp-content\/uploads\/2019\/05\/BALU_Olivier\u00a9Jeep-Stey-1244x700.jpg 1244w, http:\/\/amareve.fr\/wp-content\/uploads\/2019\/05\/BALU_Olivier\u00a9Jeep-Stey-842x474.jpg 842w, http:\/\/amareve.fr\/wp-content\/uploads\/2019\/05\/BALU_Olivier\u00a9Jeep-Stey-406x228.jpg 406w, http:\/\/amareve.fr\/wp-content\/uploads\/2019\/05\/BALU_Olivier\u00a9Jeep-Stey-120x68.jpg 120w, http:\/\/amareve.fr\/wp-content\/uploads\/2019\/05\/BALU_Olivier\u00a9Jeep-Stey-812x457.jpg 812w, http:\/\/amareve.fr\/wp-content\/uploads\/2019\/05\/BALU_Olivier\u00a9Jeep-Stey-297x167.jpg 297w, http:\/\/amareve.fr\/wp-content\/uploads\/2019\/05\/BALU_Olivier\u00a9Jeep-Stey-270x152.jpg 270w\" sizes=\"(max-width: 2560px) 100vw, 2560px\" \/><\/a><div class=\"trx_addons_hover_content\"><h4 class=\"sc_team_item_title trx_addons_hover_title\"><a href=\"http:\/\/amareve.fr\/en_en\/team\/balu-olivier\/\">Olivier Balu<\/a><\/h4><div class=\"sc_team_item_subtitle trx_addons_hover_title\"><a href=\"http:\/\/amareve.fr\/en_en\/team\/balu-olivier\/\"><\/a><\/div><div class=\"sc_team_item_content trx_addons_hover_text\"><a href=\"http:\/\/amareve.fr\/en_en\/team\/balu-olivier\/\">Com\u00e9dien<\/a><\/div><div class=\"sc_team_item_socials socials_wrap trx_addons_hover_info\"><\/div><\/div><div class=\"trx_addons_hover_mask\"><\/div><\/div><\/div>\r\n<\/div><div class=\"trx_addons_column-1_2\"><div class=\"sc_team_item no_links post-301 cpt_team type-cpt_team status-publish has-post-thumbnail hentry cpt_team_group-comediens\">\r\n\t<div class=\"post_featured sc_team_item_thumb trx_addons_hover trx_addons_hover_style_info\"><a href=\"http:\/\/amareve.fr\/en_en\/team\/de-oliveira-stephane\/\" aria-hidden=\"true\"><img decoding=\"async\" width=\"600\" height=\"338\" src=\"http:\/\/amareve.fr\/wp-content\/uploads\/2019\/04\/PH-DE_OLIVEIRA-Stephane\u00a9Fanny_Vanbacas-1.jpg\" class=\"attachment-trx_addons-thumb-avatar size-trx_addons-thumb-avatar wp-post-image\" alt=\"\" srcset=\"http:\/\/amareve.fr\/wp-content\/uploads\/2019\/04\/PH-DE_OLIVEIRA-Stephane\u00a9Fanny_Vanbacas-1.jpg 600w, http:\/\/amareve.fr\/wp-content\/uploads\/2019\/04\/PH-DE_OLIVEIRA-Stephane\u00a9Fanny_Vanbacas-1-300x169.jpg 300w, http:\/\/amareve.fr\/wp-content\/uploads\/2019\/04\/PH-DE_OLIVEIRA-Stephane\u00a9Fanny_Vanbacas-1-150x85.jpg 150w, http:\/\/amareve.fr\/wp-content\/uploads\/2019\/04\/PH-DE_OLIVEIRA-Stephane\u00a9Fanny_Vanbacas-1-18x10.jpg 18w, http:\/\/amareve.fr\/wp-content\/uploads\/2019\/04\/PH-DE_OLIVEIRA-Stephane\u00a9Fanny_Vanbacas-1-406x229.jpg 406w, http:\/\/amareve.fr\/wp-content\/uploads\/2019\/04\/PH-DE_OLIVEIRA-Stephane\u00a9Fanny_Vanbacas-1-120x68.jpg 120w, http:\/\/amareve.fr\/wp-content\/uploads\/2019\/04\/PH-DE_OLIVEIRA-Stephane\u00a9Fanny_Vanbacas-1-297x167.jpg 297w, http:\/\/amareve.fr\/wp-content\/uploads\/2019\/04\/PH-DE_OLIVEIRA-Stephane\u00a9Fanny_Vanbacas-1-270x152.jpg 270w\" sizes=\"(max-width: 600px) 100vw, 600px\" \/><\/a><div class=\"trx_addons_hover_content\"><h4 class=\"sc_team_item_title trx_addons_hover_title\"><a href=\"http:\/\/amareve.fr\/en_en\/team\/de-oliveira-stephane\/\">St\u00e9phane de Oliveira<\/a><\/h4><div class=\"sc_team_item_subtitle trx_addons_hover_title\"><a href=\"http:\/\/amareve.fr\/en_en\/team\/de-oliveira-stephane\/\"><\/a><\/div><div class=\"sc_team_item_content trx_addons_hover_text\"><a href=\"http:\/\/amareve.fr\/en_en\/team\/de-oliveira-stephane\/\">Com\u00e9dien<\/a><\/div><div class=\"sc_team_item_socials socials_wrap trx_addons_hover_info\"><\/div><\/div><div class=\"trx_addons_hover_mask\"><\/div><\/div><\/div>\r\n<\/div><div class=\"trx_addons_column-1_2\"><div class=\"sc_team_item no_links post-135 cpt_team type-cpt_team status-publish has-post-thumbnail hentry cpt_team_group-comediens\">\r\n\t<div class=\"post_featured sc_team_item_thumb trx_addons_hover trx_addons_hover_style_info\"><a href=\"http:\/\/amareve.fr\/en_en\/team\/couloigner-isabelle\/\" aria-hidden=\"true\"><img loading=\"lazy\" decoding=\"async\" width=\"600\" height=\"338\" src=\"http:\/\/amareve.fr\/wp-content\/uploads\/2019\/04\/PH-COULOIGNER_Isabelle3\u00a9ROBINE_Sarah.jpg\" class=\"attachment-trx_addons-thumb-avatar size-trx_addons-thumb-avatar wp-post-image\" alt=\"\" srcset=\"http:\/\/amareve.fr\/wp-content\/uploads\/2019\/04\/PH-COULOIGNER_Isabelle3\u00a9ROBINE_Sarah.jpg 600w, http:\/\/amareve.fr\/wp-content\/uploads\/2019\/04\/PH-COULOIGNER_Isabelle3\u00a9ROBINE_Sarah-300x169.jpg 300w, http:\/\/amareve.fr\/wp-content\/uploads\/2019\/04\/PH-COULOIGNER_Isabelle3\u00a9ROBINE_Sarah-150x85.jpg 150w, http:\/\/amareve.fr\/wp-content\/uploads\/2019\/04\/PH-COULOIGNER_Isabelle3\u00a9ROBINE_Sarah-18x10.jpg 18w, http:\/\/amareve.fr\/wp-content\/uploads\/2019\/04\/PH-COULOIGNER_Isabelle3\u00a9ROBINE_Sarah-406x229.jpg 406w, http:\/\/amareve.fr\/wp-content\/uploads\/2019\/04\/PH-COULOIGNER_Isabelle3\u00a9ROBINE_Sarah-120x68.jpg 120w, http:\/\/amareve.fr\/wp-content\/uploads\/2019\/04\/PH-COULOIGNER_Isabelle3\u00a9ROBINE_Sarah-297x167.jpg 297w, http:\/\/amareve.fr\/wp-content\/uploads\/2019\/04\/PH-COULOIGNER_Isabelle3\u00a9ROBINE_Sarah-270x152.jpg 270w\" sizes=\"(max-width: 600px) 100vw, 600px\" \/><\/a><div class=\"trx_addons_hover_content\"><h4 class=\"sc_team_item_title trx_addons_hover_title\"><a href=\"http:\/\/amareve.fr\/en_en\/team\/couloigner-isabelle\/\">Isabelle Couloigner<\/a><\/h4><div class=\"sc_team_item_subtitle trx_addons_hover_title\"><a href=\"http:\/\/amareve.fr\/en_en\/team\/couloigner-isabelle\/\"><\/a><\/div><div class=\"sc_team_item_content trx_addons_hover_text\"><a href=\"http:\/\/amareve.fr\/en_en\/team\/couloigner-isabelle\/\">Com\u00e9dienne<\/a><\/div><div class=\"sc_team_item_socials socials_wrap trx_addons_hover_info\"><\/div><\/div><div class=\"trx_addons_hover_mask\"><\/div><\/div><\/div>\r\n<\/div><div class=\"trx_addons_column-1_2\"><div class=\"sc_team_item no_links post-133 cpt_team type-cpt_team status-publish has-post-thumbnail hentry cpt_team_group-comediens\">\r\n\t<div class=\"post_featured sc_team_item_thumb trx_addons_hover trx_addons_hover_style_info\"><a href=\"http:\/\/amareve.fr\/en_en\/team\/deve-laurent\/\" aria-hidden=\"true\"><img loading=\"lazy\" decoding=\"async\" width=\"600\" height=\"338\" src=\"http:\/\/amareve.fr\/wp-content\/uploads\/2019\/04\/PH-DEVE_Laurent3\u00a9BARBOSA_Alice.jpg\" class=\"attachment-trx_addons-thumb-avatar size-trx_addons-thumb-avatar wp-post-image\" alt=\"\" srcset=\"http:\/\/amareve.fr\/wp-content\/uploads\/2019\/04\/PH-DEVE_Laurent3\u00a9BARBOSA_Alice.jpg 600w, http:\/\/amareve.fr\/wp-content\/uploads\/2019\/04\/PH-DEVE_Laurent3\u00a9BARBOSA_Alice-300x169.jpg 300w, http:\/\/amareve.fr\/wp-content\/uploads\/2019\/04\/PH-DEVE_Laurent3\u00a9BARBOSA_Alice-150x85.jpg 150w, http:\/\/amareve.fr\/wp-content\/uploads\/2019\/04\/PH-DEVE_Laurent3\u00a9BARBOSA_Alice-18x10.jpg 18w, http:\/\/amareve.fr\/wp-content\/uploads\/2019\/04\/PH-DEVE_Laurent3\u00a9BARBOSA_Alice-406x229.jpg 406w, http:\/\/amareve.fr\/wp-content\/uploads\/2019\/04\/PH-DEVE_Laurent3\u00a9BARBOSA_Alice-120x68.jpg 120w, http:\/\/amareve.fr\/wp-content\/uploads\/2019\/04\/PH-DEVE_Laurent3\u00a9BARBOSA_Alice-297x167.jpg 297w, http:\/\/amareve.fr\/wp-content\/uploads\/2019\/04\/PH-DEVE_Laurent3\u00a9BARBOSA_Alice-270x152.jpg 270w\" sizes=\"(max-width: 600px) 100vw, 600px\" \/><\/a><div class=\"trx_addons_hover_content\"><h4 class=\"sc_team_item_title trx_addons_hover_title\"><a href=\"http:\/\/amareve.fr\/en_en\/team\/deve-laurent\/\">Laurent D\u00e8ve<\/a><\/h4><div class=\"sc_team_item_subtitle trx_addons_hover_title\"><a href=\"http:\/\/amareve.fr\/en_en\/team\/deve-laurent\/\"><\/a><\/div><div class=\"sc_team_item_content trx_addons_hover_text\"><a href=\"http:\/\/amareve.fr\/en_en\/team\/deve-laurent\/\">Com\u00e9dien<\/a><\/div><div class=\"sc_team_item_socials socials_wrap trx_addons_hover_info\"><\/div><\/div><div class=\"trx_addons_hover_mask\"><\/div><\/div><\/div>\r\n<\/div><div class=\"trx_addons_column-1_2\"><div class=\"sc_team_item no_links post-134 cpt_team type-cpt_team status-publish has-post-thumbnail hentry cpt_team_group-comediens\">\r\n\t<div class=\"post_featured sc_team_item_thumb trx_addons_hover trx_addons_hover_style_info\"><a href=\"http:\/\/amareve.fr\/en_en\/team\/plockyn-raphael\/\" aria-hidden=\"true\"><img loading=\"lazy\" decoding=\"async\" width=\"600\" height=\"338\" src=\"http:\/\/amareve.fr\/wp-content\/uploads\/2019\/04\/PH-PLOCKYN_Raphael2\u00a9CONDUZORGUES_Margaux.jpg\" class=\"attachment-trx_addons-thumb-avatar size-trx_addons-thumb-avatar wp-post-image\" alt=\"\" srcset=\"http:\/\/amareve.fr\/wp-content\/uploads\/2019\/04\/PH-PLOCKYN_Raphael2\u00a9CONDUZORGUES_Margaux.jpg 600w, http:\/\/amareve.fr\/wp-content\/uploads\/2019\/04\/PH-PLOCKYN_Raphael2\u00a9CONDUZORGUES_Margaux-300x169.jpg 300w, http:\/\/amareve.fr\/wp-content\/uploads\/2019\/04\/PH-PLOCKYN_Raphael2\u00a9CONDUZORGUES_Margaux-150x85.jpg 150w, http:\/\/amareve.fr\/wp-content\/uploads\/2019\/04\/PH-PLOCKYN_Raphael2\u00a9CONDUZORGUES_Margaux-18x10.jpg 18w, http:\/\/amareve.fr\/wp-content\/uploads\/2019\/04\/PH-PLOCKYN_Raphael2\u00a9CONDUZORGUES_Margaux-406x229.jpg 406w, http:\/\/amareve.fr\/wp-content\/uploads\/2019\/04\/PH-PLOCKYN_Raphael2\u00a9CONDUZORGUES_Margaux-120x68.jpg 120w, http:\/\/amareve.fr\/wp-content\/uploads\/2019\/04\/PH-PLOCKYN_Raphael2\u00a9CONDUZORGUES_Margaux-297x167.jpg 297w, http:\/\/amareve.fr\/wp-content\/uploads\/2019\/04\/PH-PLOCKYN_Raphael2\u00a9CONDUZORGUES_Margaux-270x152.jpg 270w\" sizes=\"(max-width: 600px) 100vw, 600px\" \/><\/a><div class=\"trx_addons_hover_content\"><h4 class=\"sc_team_item_title trx_addons_hover_title\"><a href=\"http:\/\/amareve.fr\/en_en\/team\/plockyn-raphael\/\">Rapha\u00ebl Plockyn<\/a><\/h4><div class=\"sc_team_item_subtitle trx_addons_hover_title\"><a href=\"http:\/\/amareve.fr\/en_en\/team\/plockyn-raphael\/\"><\/a><\/div><div class=\"sc_team_item_content trx_addons_hover_text\"><a href=\"http:\/\/amareve.fr\/en_en\/team\/plockyn-raphael\/\">Com\u00e9dien<\/a><\/div><div class=\"sc_team_item_socials socials_wrap trx_addons_hover_info\"><\/div><\/div><div class=\"trx_addons_hover_mask\"><\/div><\/div><\/div>\r\n<\/div><\/div><\/div><!-- \/.sc_team -->\t\t\t\t<\/div>\n\t\t\t\t<\/div>\n\t\t\t\t\t<\/div>\n\t\t<\/div>\n\t\t\t\t\t<\/div>\n\t\t<\/section>\n\t\t\t\t<\/div>","protected":false},"excerpt":{"rendered":"<p>Audrey Weissberg Comm\u00e9dienne Laurent D\u00e8ve Com\u00e9dien Rapha\u00ebl Plockyn Com\u00e9dien St\u00e9phane de Oliveira Com\u00e9dien Isabelle Couloigner Com\u00e9dienne Olivier Balu Com\u00e9dien<\/p>","protected":false},"author":1,"featured_media":0,"parent":0,"menu_order":0,"comment_status":"closed","ping_status":"closed","template":"","meta":{"footnotes":""},"class_list":["post-150","page","type-page","status-publish","hentry"],"yoast_head":"<!-- This site is optimized with the Yoast SEO plugin v27.5 - https:\/\/yoast.com\/product\/yoast-seo-wordpress\/ -->\n<title>Les com\u00e9diens - Compagnie Amar\u00eave<\/title>\n<meta name=\"robots\" content=\"index, follow, max-snippet:-1, max-image-preview:large, max-video-preview:-1\" \/>\n<link rel=\"canonical\" href=\"http:\/\/amareve.fr\/en_en\/comediens\/\" \/>\n<meta property=\"og:locale\" content=\"en_US\" \/>\n<meta property=\"og:type\" content=\"article\" \/>\n<meta property=\"og:title\" content=\"Les com\u00e9diens - Compagnie Amar\u00eave\" \/>\n<meta property=\"og:description\" content=\"Audrey Weissberg Comm\u00e9dienne Laurent D\u00e8ve Com\u00e9dien Rapha\u00ebl Plockyn Com\u00e9dien St\u00e9phane de Oliveira Com\u00e9dien Isabelle Couloigner Com\u00e9dienne Olivier Balu Com\u00e9dien\" \/>\n<meta property=\"og:url\" content=\"http:\/\/amareve.fr\/en_en\/comediens\/\" \/>\n<meta property=\"og:site_name\" content=\"Compagnie Amar\u00eave\" \/>\n<meta property=\"article:publisher\" content=\"https:\/\/www.facebook.com\/CompagnieAmareve\/\" \/>\n<meta property=\"article:modified_time\" content=\"2024-08-13T15:12:23+00:00\" \/>\n<meta property=\"og:image\" content=\"http:\/\/amareve.fr\/wp-content\/uploads\/2019\/04\/61646_436088073506_3631239_n-370x370.jpg\" \/>\n<meta name=\"twitter:card\" content=\"summary_large_image\" \/>\n<meta name=\"twitter:label1\" content=\"Est. reading time\" \/>\n\t<meta name=\"twitter:data1\" content=\"2 minutes\" \/>\n<script type=\"application\/ld+json\" class=\"yoast-schema-graph\">{\"@context\":\"https:\\\/\\\/schema.org\",\"@graph\":[{\"@type\":\"WebPage\",\"@id\":\"http:\\\/\\\/amareve.fr\\\/comediens\\\/\",\"url\":\"http:\\\/\\\/amareve.fr\\\/comediens\\\/\",\"name\":\"Les com\u00e9diens - Compagnie Amar\u00eave\",\"isPartOf\":{\"@id\":\"https:\\\/\\\/amareve.fr\\\/en_en\\\/#website\"},\"primaryImageOfPage\":{\"@id\":\"http:\\\/\\\/amareve.fr\\\/comediens\\\/#primaryimage\"},\"image\":{\"@id\":\"http:\\\/\\\/amareve.fr\\\/comediens\\\/#primaryimage\"},\"thumbnailUrl\":\"http:\\\/\\\/amareve.fr\\\/wp-content\\\/uploads\\\/2019\\\/04\\\/61646_436088073506_3631239_n-370x370.jpg\",\"datePublished\":\"2019-04-23T14:49:45+00:00\",\"dateModified\":\"2024-08-13T15:12:23+00:00\",\"breadcrumb\":{\"@id\":\"http:\\\/\\\/amareve.fr\\\/comediens\\\/#breadcrumb\"},\"inLanguage\":\"en-US\",\"potentialAction\":[{\"@type\":\"ReadAction\",\"target\":[\"http:\\\/\\\/amareve.fr\\\/comediens\\\/\"]}]},{\"@type\":\"ImageObject\",\"inLanguage\":\"en-US\",\"@id\":\"http:\\\/\\\/amareve.fr\\\/comediens\\\/#primaryimage\",\"url\":\"http:\\\/\\\/amareve.fr\\\/wp-content\\\/uploads\\\/2019\\\/04\\\/61646_436088073506_3631239_n-370x370.jpg\",\"contentUrl\":\"http:\\\/\\\/amareve.fr\\\/wp-content\\\/uploads\\\/2019\\\/04\\\/61646_436088073506_3631239_n-370x370.jpg\"},{\"@type\":\"BreadcrumbList\",\"@id\":\"http:\\\/\\\/amareve.fr\\\/comediens\\\/#breadcrumb\",\"itemListElement\":[{\"@type\":\"ListItem\",\"position\":1,\"name\":\"Accueil\",\"item\":\"https:\\\/\\\/amareve.fr\\\/en_en\\\/\"},{\"@type\":\"ListItem\",\"position\":2,\"name\":\"Les com\u00e9diens\"}]},{\"@type\":\"WebSite\",\"@id\":\"https:\\\/\\\/amareve.fr\\\/en_en\\\/#website\",\"url\":\"https:\\\/\\\/amareve.fr\\\/en_en\\\/\",\"name\":\"Amareve\",\"description\":\"\",\"publisher\":{\"@id\":\"https:\\\/\\\/amareve.fr\\\/en_en\\\/#organization\"},\"potentialAction\":[{\"@type\":\"SearchAction\",\"target\":{\"@type\":\"EntryPoint\",\"urlTemplate\":\"https:\\\/\\\/amareve.fr\\\/en_en\\\/?s={search_term_string}\"},\"query-input\":{\"@type\":\"PropertyValueSpecification\",\"valueRequired\":true,\"valueName\":\"search_term_string\"}}],\"inLanguage\":\"en-US\"},{\"@type\":\"Organization\",\"@id\":\"https:\\\/\\\/amareve.fr\\\/en_en\\\/#organization\",\"name\":\"Compagnie Amareve\",\"url\":\"https:\\\/\\\/amareve.fr\\\/en_en\\\/\",\"logo\":{\"@type\":\"ImageObject\",\"inLanguage\":\"en-US\",\"@id\":\"https:\\\/\\\/amareve.fr\\\/en_en\\\/#\\\/schema\\\/logo\\\/image\\\/\",\"url\":\"http:\\\/\\\/amareve.fr\\\/wp-content\\\/uploads\\\/2019\\\/04\\\/AMAREVE-LOGO.jpg\",\"contentUrl\":\"http:\\\/\\\/amareve.fr\\\/wp-content\\\/uploads\\\/2019\\\/04\\\/AMAREVE-LOGO.jpg\",\"width\":404,\"height\":367,\"caption\":\"Compagnie Amareve\"},\"image\":{\"@id\":\"https:\\\/\\\/amareve.fr\\\/en_en\\\/#\\\/schema\\\/logo\\\/image\\\/\"},\"sameAs\":[\"https:\\\/\\\/www.facebook.com\\\/CompagnieAmareve\\\/\"]}]}<\/script>\n<!-- \/ Yoast SEO plugin. -->","yoast_head_json":{"title":"Les com\u00e9diens - Compagnie Amar\u00eave","robots":{"index":"index","follow":"follow","max-snippet":"max-snippet:-1","max-image-preview":"max-image-preview:large","max-video-preview":"max-video-preview:-1"},"canonical":"http:\/\/amareve.fr\/en_en\/comediens\/","og_locale":"en_US","og_type":"article","og_title":"Les com\u00e9diens - Compagnie Amar\u00eave","og_description":"Audrey Weissberg Comm\u00e9dienne Laurent D\u00e8ve Com\u00e9dien Rapha\u00ebl Plockyn Com\u00e9dien St\u00e9phane de Oliveira Com\u00e9dien Isabelle Couloigner Com\u00e9dienne Olivier Balu Com\u00e9dien","og_url":"http:\/\/amareve.fr\/en_en\/comediens\/","og_site_name":"Compagnie Amar\u00eave","article_publisher":"https:\/\/www.facebook.com\/CompagnieAmareve\/","article_modified_time":"2024-08-13T15:12:23+00:00","og_image":[{"url":"http:\/\/amareve.fr\/wp-content\/uploads\/2019\/04\/61646_436088073506_3631239_n-370x370.jpg","type":"","width":"","height":""}],"twitter_card":"summary_large_image","twitter_misc":{"Est. reading time":"2 minutes"},"schema":{"@context":"https:\/\/schema.org","@graph":[{"@type":"WebPage","@id":"http:\/\/amareve.fr\/comediens\/","url":"http:\/\/amareve.fr\/comediens\/","name":"Les com\u00e9diens - Compagnie Amar\u00eave","isPartOf":{"@id":"https:\/\/amareve.fr\/en_en\/#website"},"primaryImageOfPage":{"@id":"http:\/\/amareve.fr\/comediens\/#primaryimage"},"image":{"@id":"http:\/\/amareve.fr\/comediens\/#primaryimage"},"thumbnailUrl":"http:\/\/amareve.fr\/wp-content\/uploads\/2019\/04\/61646_436088073506_3631239_n-370x370.jpg","datePublished":"2019-04-23T14:49:45+00:00","dateModified":"2024-08-13T15:12:23+00:00","breadcrumb":{"@id":"http:\/\/amareve.fr\/comediens\/#breadcrumb"},"inLanguage":"en-US","potentialAction":[{"@type":"ReadAction","target":["http:\/\/amareve.fr\/comediens\/"]}]},{"@type":"ImageObject","inLanguage":"en-US","@id":"http:\/\/amareve.fr\/comediens\/#primaryimage","url":"http:\/\/amareve.fr\/wp-content\/uploads\/2019\/04\/61646_436088073506_3631239_n-370x370.jpg","contentUrl":"http:\/\/amareve.fr\/wp-content\/uploads\/2019\/04\/61646_436088073506_3631239_n-370x370.jpg"},{"@type":"BreadcrumbList","@id":"http:\/\/amareve.fr\/comediens\/#breadcrumb","itemListElement":[{"@type":"ListItem","position":1,"name":"Accueil","item":"https:\/\/amareve.fr\/en_en\/"},{"@type":"ListItem","position":2,"name":"Les com\u00e9diens"}]},{"@type":"WebSite","@id":"https:\/\/amareve.fr\/en_en\/#website","url":"https:\/\/amareve.fr\/en_en\/","name":"Amareve","description":"","publisher":{"@id":"https:\/\/amareve.fr\/en_en\/#organization"},"potentialAction":[{"@type":"SearchAction","target":{"@type":"EntryPoint","urlTemplate":"https:\/\/amareve.fr\/en_en\/?s={search_term_string}"},"query-input":{"@type":"PropertyValueSpecification","valueRequired":true,"valueName":"search_term_string"}}],"inLanguage":"en-US"},{"@type":"Organization","@id":"https:\/\/amareve.fr\/en_en\/#organization","name":"Compagnie Amareve","url":"https:\/\/amareve.fr\/en_en\/","logo":{"@type":"ImageObject","inLanguage":"en-US","@id":"https:\/\/amareve.fr\/en_en\/#\/schema\/logo\/image\/","url":"http:\/\/amareve.fr\/wp-content\/uploads\/2019\/04\/AMAREVE-LOGO.jpg","contentUrl":"http:\/\/amareve.fr\/wp-content\/uploads\/2019\/04\/AMAREVE-LOGO.jpg","width":404,"height":367,"caption":"Compagnie Amareve"},"image":{"@id":"https:\/\/amareve.fr\/en_en\/#\/schema\/logo\/image\/"},"sameAs":["https:\/\/www.facebook.com\/CompagnieAmareve\/"]}]}},"_links":{"self":[{"href":"http:\/\/amareve.fr\/en_en\/wp-json\/wp\/v2\/pages\/150","targetHints":{"allow":["GET"]}}],"collection":[{"href":"http:\/\/amareve.fr\/en_en\/wp-json\/wp\/v2\/pages"}],"about":[{"href":"http:\/\/amareve.fr\/en_en\/wp-json\/wp\/v2\/types\/page"}],"author":[{"embeddable":true,"href":"http:\/\/amareve.fr\/en_en\/wp-json\/wp\/v2\/users\/1"}],"replies":[{"embeddable":true,"href":"http:\/\/amareve.fr\/en_en\/wp-json\/wp\/v2\/comments?post=150"}],"version-history":[{"count":24,"href":"http:\/\/amareve.fr\/en_en\/wp-json\/wp\/v2\/pages\/150\/revisions"}],"predecessor-version":[{"id":2341,"href":"http:\/\/amareve.fr\/en_en\/wp-json\/wp\/v2\/pages\/150\/revisions\/2341"}],"wp:attachment":[{"href":"http:\/\/amareve.fr\/en_en\/wp-json\/wp\/v2\/media?parent=150"}],"curies":[{"name":"wp","href":"https:\/\/api.w.org\/{rel}","templated":true}]}}