{"id":513,"date":"2019-04-25T11:01:33","date_gmt":"2019-04-25T11:01:33","guid":{"rendered":"http:\/\/amareve.fr\/?page_id=513"},"modified":"2020-07-27T16:00:23","modified_gmt":"2020-07-27T16:00:23","slug":"intro","status":"publish","type":"page","link":"http:\/\/amareve.fr\/en_en\/intro\/","title":{"rendered":"Qui sommes-nous ?"},"content":{"rendered":"<div data-elementor-type=\"wp-post\" data-elementor-id=\"513\" class=\"elementor elementor-513\">\n\t\t\t\t\t\t<section class=\"elementor-section elementor-top-section elementor-element elementor-element-9b2307a elementor-section-boxed elementor-section-height-default elementor-section-height-default\" data-id=\"9b2307a\" data-element_type=\"section\" data-e-type=\"section\">\n\t\t\t\t\t\t<div class=\"elementor-container elementor-column-gap-extended\">\n\t\t\t\t\t<div class=\"elementor-column elementor-col-100 elementor-top-column elementor-element elementor-element-3769531 sc_layouts_column_icons_position_left\" data-id=\"3769531\" data-element_type=\"column\" data-e-type=\"column\">\n\t\t\t<div class=\"elementor-widget-wrap elementor-element-populated\">\n\t\t\t\t\t\t<div class=\"elementor-element elementor-element-49d6fd4 elementor-widget elementor-widget-spacer\" data-id=\"49d6fd4\" data-element_type=\"widget\" data-e-type=\"widget\" data-widget_type=\"spacer.default\">\n\t\t\t\t<div class=\"elementor-widget-container\">\n\t\t\t\t\t\t\t<div class=\"elementor-spacer\">\n\t\t\t<div class=\"elementor-spacer-inner\"><\/div>\n\t\t<\/div>\n\t\t\t\t\t\t<\/div>\n\t\t\t\t<\/div>\n\t\t\t\t\t<\/div>\n\t\t<\/div>\n\t\t\t\t\t<\/div>\n\t\t<\/section>\n\t\t\t\t<section class=\"elementor-section elementor-top-section elementor-element elementor-element-d665a2e elementor-section-full_width elementor-section-height-default elementor-section-height-default\" data-id=\"d665a2e\" data-element_type=\"section\" data-e-type=\"section\">\n\t\t\t\t\t\t<div class=\"elementor-container elementor-column-gap-extended\">\n\t\t\t\t\t<div class=\"elementor-column elementor-col-100 elementor-top-column elementor-element elementor-element-525588e sc_layouts_column_icons_position_left\" data-id=\"525588e\" data-element_type=\"column\" data-e-type=\"column\">\n\t\t\t<div class=\"elementor-widget-wrap elementor-element-populated\">\n\t\t\t\t\t\t<div class=\"elementor-element elementor-element-04fbf6a elementor-widget elementor-widget-text-editor\" data-id=\"04fbf6a\" data-element_type=\"widget\" data-e-type=\"widget\" data-widget_type=\"text-editor.default\">\n\t\t\t\t<div class=\"elementor-widget-container\">\n\t\t\t\t\t\t\t\t\t<p>La Compagnie Amar\u00eave a \u00e9t\u00e9 cr\u00e9\u00e9e en 2016, \u00e0 l&#8217;initiative d&#8217;un groupe d&#8217;artistes men\u00e9s par <a href=\"http:\/\/amareve.com\/team\/rebeyrolle-florian\">Florian Rebeyrolle<\/a>, auteur, metteur en sc\u00e8ne, et <a href=\"http:\/\/amareve.fr\/en_en\/team\/weissberg-audrey\/\">Audrey Weissberg<\/a>, com\u00e9dienne.<\/p><p>La Compagnie s&#8217;est fix\u00e9 deux objectifs : <br \/>* Cr\u00e9er, diffuser et promouvoir des spectacles pluri-disciplinaires : si la forme th\u00e9\u00e2trale constitue le coeur de leur action, les membres de la compagnie s&#8217;ouvrent \u00e0 d&#8217;autres formes (notamment la musique, la po\u00e9sie et la vid\u00e9o) ;<br \/>* Faciliter l&#8217;acc\u00e8s \u00e0 la culture et toucher le plus large public possible, notamment l&#8217;enfance et les publics d\u00e9favoris\u00e9s : autour des spectacles, des actions \u00e9ducatives, sociales et\/ou humanitaires (h\u00f4pitaux, prisons) de sensibilisation sont organis\u00e9es avec les lieux qui nous accueillent.<\/p><p>Enfin, la compagnie s&#8217;est fix\u00e9 comme <em>credo<\/em> de valoriser l&#8217;apport du collectif : ainsi, chaque membre \u2013 qu\u2019il soit artiste, technicien ou consultant \u2013 peut \u00eatre force de proposition et participer (\u00e0 sa mesure et son envie) au processus de recherche et de cr\u00e9ation artistique.<\/p><div title=\"Page 17\"><div style=\"background-color: rgb(100.000000%, 100.000000%, 100.000000%);\"><div><div><p><span style=\"font-size: 15.000000pt; font-family: 'Calibri'; font-style: italic; color: rgb(77.254900%, 35.294100%, 6.666670%);\">\u00a0<\/span><\/p><\/div><\/div><\/div><\/div><p><a href=\"http:\/\/amareve.fr\/en_en\/compagnie\/\">En savoir plus sur la Compagnie +<br \/><\/a><\/p>\t\t\t\t\t\t\t\t<\/div>\n\t\t\t\t<\/div>\n\t\t\t\t\t<\/div>\n\t\t<\/div>\n\t\t\t\t\t<\/div>\n\t\t<\/section>\n\t\t\t\t<section class=\"elementor-section elementor-top-section elementor-element elementor-element-91dadc8 elementor-section-boxed elementor-section-height-default elementor-section-height-default\" data-id=\"91dadc8\" data-element_type=\"section\" data-e-type=\"section\">\n\t\t\t\t\t\t<div class=\"elementor-container elementor-column-gap-extended\">\n\t\t\t\t\t<div class=\"elementor-column elementor-col-100 elementor-top-column elementor-element elementor-element-2d69bba sc_layouts_column_icons_position_left\" data-id=\"2d69bba\" data-element_type=\"column\" data-e-type=\"column\">\n\t\t\t<div class=\"elementor-widget-wrap elementor-element-populated\">\n\t\t\t\t\t\t<div class=\"elementor-element elementor-element-5695b52 elementor-widget elementor-widget-spacer\" data-id=\"5695b52\" data-element_type=\"widget\" data-e-type=\"widget\" data-widget_type=\"spacer.default\">\n\t\t\t\t<div class=\"elementor-widget-container\">\n\t\t\t\t\t\t\t<div class=\"elementor-spacer\">\n\t\t\t<div class=\"elementor-spacer-inner\"><\/div>\n\t\t<\/div>\n\t\t\t\t\t\t<\/div>\n\t\t\t\t<\/div>\n\t\t\t\t\t<\/div>\n\t\t<\/div>\n\t\t\t\t\t<\/div>\n\t\t<\/section>\n\t\t\t\t<\/div>","protected":false},"excerpt":{"rendered":"<p>La Compagnie Amar\u00eave a \u00e9t\u00e9 cr\u00e9\u00e9e en 2016, \u00e0 l&#8217;initiative d&#8217;un groupe d&#8217;artistes men\u00e9s par Florian Rebeyrolle, auteur, metteur en sc\u00e8ne, et Audrey Weissberg, com\u00e9dienne. La Compagnie s&#8217;est fix\u00e9 deux objectifs : * Cr\u00e9er, diffuser&hellip;<\/p>","protected":false},"author":1,"featured_media":1247,"parent":0,"menu_order":0,"comment_status":"closed","ping_status":"closed","template":"","meta":{"footnotes":""},"class_list":["post-513","page","type-page","status-publish","has-post-thumbnail","hentry"],"yoast_head":"<!-- This site is optimized with the Yoast SEO plugin v27.4 - https:\/\/yoast.com\/product\/yoast-seo-wordpress\/ -->\n<title>Qui sommes-nous ? - Compagnie Amar\u00eave<\/title>\n<meta name=\"robots\" content=\"index, follow, max-snippet:-1, max-image-preview:large, max-video-preview:-1\" \/>\n<link rel=\"canonical\" href=\"http:\/\/amareve.fr\/en_en\/intro\/\" \/>\n<meta property=\"og:locale\" content=\"en_US\" \/>\n<meta property=\"og:type\" content=\"article\" \/>\n<meta property=\"og:title\" content=\"Qui sommes-nous ? - Compagnie Amar\u00eave\" \/>\n<meta property=\"og:description\" content=\"La Compagnie Amar\u00eave a \u00e9t\u00e9 cr\u00e9\u00e9e en 2016, \u00e0 l&#8217;initiative d&#8217;un groupe d&#8217;artistes men\u00e9s par Florian Rebeyrolle, auteur, metteur en sc\u00e8ne, et Audrey Weissberg, com\u00e9dienne. La Compagnie s&#8217;est fix\u00e9 deux objectifs : * Cr\u00e9er, diffuser&hellip;\" \/>\n<meta property=\"og:url\" content=\"http:\/\/amareve.fr\/en_en\/intro\/\" \/>\n<meta property=\"og:site_name\" content=\"Compagnie Amar\u00eave\" \/>\n<meta property=\"article:publisher\" content=\"https:\/\/www.facebook.com\/CompagnieAmareve\/\" \/>\n<meta property=\"article:modified_time\" content=\"2020-07-27T16:00:23+00:00\" \/>\n<meta property=\"og:image\" content=\"http:\/\/amareve.fr\/wp-content\/uploads\/2020\/07\/d9444937-c421-4fd5-b1a3-89dfd4f0bc7c.jpg\" \/>\n\t<meta property=\"og:image:width\" content=\"768\" \/>\n\t<meta property=\"og:image:height\" content=\"1024\" \/>\n\t<meta property=\"og:image:type\" content=\"image\/jpeg\" \/>\n<meta name=\"twitter:card\" content=\"summary_large_image\" \/>\n<meta name=\"twitter:label1\" content=\"Est. reading time\" \/>\n\t<meta name=\"twitter:data1\" content=\"1 minute\" \/>\n<script type=\"application\/ld+json\" class=\"yoast-schema-graph\">{\"@context\":\"https:\\\/\\\/schema.org\",\"@graph\":[{\"@type\":\"WebPage\",\"@id\":\"http:\\\/\\\/amareve.fr\\\/en_en\\\/intro\\\/\",\"url\":\"http:\\\/\\\/amareve.fr\\\/en_en\\\/intro\\\/\",\"name\":\"Qui sommes-nous ? - Compagnie Amar\u00eave\",\"isPartOf\":{\"@id\":\"https:\\\/\\\/amareve.fr\\\/#website\"},\"primaryImageOfPage\":{\"@id\":\"http:\\\/\\\/amareve.fr\\\/en_en\\\/intro\\\/#primaryimage\"},\"image\":{\"@id\":\"http:\\\/\\\/amareve.fr\\\/en_en\\\/intro\\\/#primaryimage\"},\"thumbnailUrl\":\"http:\\\/\\\/amareve.fr\\\/wp-content\\\/uploads\\\/2020\\\/07\\\/d9444937-c421-4fd5-b1a3-89dfd4f0bc7c.jpg\",\"datePublished\":\"2019-04-25T11:01:33+00:00\",\"dateModified\":\"2020-07-27T16:00:23+00:00\",\"breadcrumb\":{\"@id\":\"http:\\\/\\\/amareve.fr\\\/en_en\\\/intro\\\/#breadcrumb\"},\"inLanguage\":\"en-US\",\"potentialAction\":[{\"@type\":\"ReadAction\",\"target\":[\"http:\\\/\\\/amareve.fr\\\/en_en\\\/intro\\\/\"]}]},{\"@type\":\"ImageObject\",\"inLanguage\":\"en-US\",\"@id\":\"http:\\\/\\\/amareve.fr\\\/en_en\\\/intro\\\/#primaryimage\",\"url\":\"http:\\\/\\\/amareve.fr\\\/wp-content\\\/uploads\\\/2020\\\/07\\\/d9444937-c421-4fd5-b1a3-89dfd4f0bc7c.jpg\",\"contentUrl\":\"http:\\\/\\\/amareve.fr\\\/wp-content\\\/uploads\\\/2020\\\/07\\\/d9444937-c421-4fd5-b1a3-89dfd4f0bc7c.jpg\",\"width\":768,\"height\":1024},{\"@type\":\"BreadcrumbList\",\"@id\":\"http:\\\/\\\/amareve.fr\\\/en_en\\\/intro\\\/#breadcrumb\",\"itemListElement\":[{\"@type\":\"ListItem\",\"position\":1,\"name\":\"Accueil\",\"item\":\"https:\\\/\\\/amareve.fr\\\/\"},{\"@type\":\"ListItem\",\"position\":2,\"name\":\"Qui sommes-nous ?\"}]},{\"@type\":\"WebSite\",\"@id\":\"https:\\\/\\\/amareve.fr\\\/#website\",\"url\":\"https:\\\/\\\/amareve.fr\\\/\",\"name\":\"Amareve\",\"description\":\"\",\"publisher\":{\"@id\":\"https:\\\/\\\/amareve.fr\\\/#organization\"},\"potentialAction\":[{\"@type\":\"SearchAction\",\"target\":{\"@type\":\"EntryPoint\",\"urlTemplate\":\"https:\\\/\\\/amareve.fr\\\/?s={search_term_string}\"},\"query-input\":{\"@type\":\"PropertyValueSpecification\",\"valueRequired\":true,\"valueName\":\"search_term_string\"}}],\"inLanguage\":\"en-US\"},{\"@type\":\"Organization\",\"@id\":\"https:\\\/\\\/amareve.fr\\\/#organization\",\"name\":\"Compagnie Amareve\",\"url\":\"https:\\\/\\\/amareve.fr\\\/\",\"logo\":{\"@type\":\"ImageObject\",\"inLanguage\":\"en-US\",\"@id\":\"https:\\\/\\\/amareve.fr\\\/#\\\/schema\\\/logo\\\/image\\\/\",\"url\":\"http:\\\/\\\/amareve.fr\\\/wp-content\\\/uploads\\\/2019\\\/04\\\/AMAREVE-LOGO.jpg\",\"contentUrl\":\"http:\\\/\\\/amareve.fr\\\/wp-content\\\/uploads\\\/2019\\\/04\\\/AMAREVE-LOGO.jpg\",\"width\":404,\"height\":367,\"caption\":\"Compagnie Amareve\"},\"image\":{\"@id\":\"https:\\\/\\\/amareve.fr\\\/#\\\/schema\\\/logo\\\/image\\\/\"},\"sameAs\":[\"https:\\\/\\\/www.facebook.com\\\/CompagnieAmareve\\\/\"]}]}<\/script>\n<!-- \/ Yoast SEO plugin. -->","yoast_head_json":{"title":"Qui sommes-nous ? - Compagnie Amar\u00eave","robots":{"index":"index","follow":"follow","max-snippet":"max-snippet:-1","max-image-preview":"max-image-preview:large","max-video-preview":"max-video-preview:-1"},"canonical":"http:\/\/amareve.fr\/en_en\/intro\/","og_locale":"en_US","og_type":"article","og_title":"Qui sommes-nous ? - Compagnie Amar\u00eave","og_description":"La Compagnie Amar\u00eave a \u00e9t\u00e9 cr\u00e9\u00e9e en 2016, \u00e0 l&#8217;initiative d&#8217;un groupe d&#8217;artistes men\u00e9s par Florian Rebeyrolle, auteur, metteur en sc\u00e8ne, et Audrey Weissberg, com\u00e9dienne. La Compagnie s&#8217;est fix\u00e9 deux objectifs : * Cr\u00e9er, diffuser&hellip;","og_url":"http:\/\/amareve.fr\/en_en\/intro\/","og_site_name":"Compagnie Amar\u00eave","article_publisher":"https:\/\/www.facebook.com\/CompagnieAmareve\/","article_modified_time":"2020-07-27T16:00:23+00:00","og_image":[{"width":768,"height":1024,"url":"http:\/\/amareve.fr\/wp-content\/uploads\/2020\/07\/d9444937-c421-4fd5-b1a3-89dfd4f0bc7c.jpg","type":"image\/jpeg"}],"twitter_card":"summary_large_image","twitter_misc":{"Est. reading time":"1 minute"},"schema":{"@context":"https:\/\/schema.org","@graph":[{"@type":"WebPage","@id":"http:\/\/amareve.fr\/en_en\/intro\/","url":"http:\/\/amareve.fr\/en_en\/intro\/","name":"Qui sommes-nous ? - Compagnie Amar\u00eave","isPartOf":{"@id":"https:\/\/amareve.fr\/#website"},"primaryImageOfPage":{"@id":"http:\/\/amareve.fr\/en_en\/intro\/#primaryimage"},"image":{"@id":"http:\/\/amareve.fr\/en_en\/intro\/#primaryimage"},"thumbnailUrl":"http:\/\/amareve.fr\/wp-content\/uploads\/2020\/07\/d9444937-c421-4fd5-b1a3-89dfd4f0bc7c.jpg","datePublished":"2019-04-25T11:01:33+00:00","dateModified":"2020-07-27T16:00:23+00:00","breadcrumb":{"@id":"http:\/\/amareve.fr\/en_en\/intro\/#breadcrumb"},"inLanguage":"en-US","potentialAction":[{"@type":"ReadAction","target":["http:\/\/amareve.fr\/en_en\/intro\/"]}]},{"@type":"ImageObject","inLanguage":"en-US","@id":"http:\/\/amareve.fr\/en_en\/intro\/#primaryimage","url":"http:\/\/amareve.fr\/wp-content\/uploads\/2020\/07\/d9444937-c421-4fd5-b1a3-89dfd4f0bc7c.jpg","contentUrl":"http:\/\/amareve.fr\/wp-content\/uploads\/2020\/07\/d9444937-c421-4fd5-b1a3-89dfd4f0bc7c.jpg","width":768,"height":1024},{"@type":"BreadcrumbList","@id":"http:\/\/amareve.fr\/en_en\/intro\/#breadcrumb","itemListElement":[{"@type":"ListItem","position":1,"name":"Accueil","item":"https:\/\/amareve.fr\/"},{"@type":"ListItem","position":2,"name":"Qui sommes-nous ?"}]},{"@type":"WebSite","@id":"https:\/\/amareve.fr\/#website","url":"https:\/\/amareve.fr\/","name":"Amareve","description":"","publisher":{"@id":"https:\/\/amareve.fr\/#organization"},"potentialAction":[{"@type":"SearchAction","target":{"@type":"EntryPoint","urlTemplate":"https:\/\/amareve.fr\/?s={search_term_string}"},"query-input":{"@type":"PropertyValueSpecification","valueRequired":true,"valueName":"search_term_string"}}],"inLanguage":"en-US"},{"@type":"Organization","@id":"https:\/\/amareve.fr\/#organization","name":"Compagnie Amareve","url":"https:\/\/amareve.fr\/","logo":{"@type":"ImageObject","inLanguage":"en-US","@id":"https:\/\/amareve.fr\/#\/schema\/logo\/image\/","url":"http:\/\/amareve.fr\/wp-content\/uploads\/2019\/04\/AMAREVE-LOGO.jpg","contentUrl":"http:\/\/amareve.fr\/wp-content\/uploads\/2019\/04\/AMAREVE-LOGO.jpg","width":404,"height":367,"caption":"Compagnie Amareve"},"image":{"@id":"https:\/\/amareve.fr\/#\/schema\/logo\/image\/"},"sameAs":["https:\/\/www.facebook.com\/CompagnieAmareve\/"]}]}},"_links":{"self":[{"href":"http:\/\/amareve.fr\/en_en\/wp-json\/wp\/v2\/pages\/513","targetHints":{"allow":["GET"]}}],"collection":[{"href":"http:\/\/amareve.fr\/en_en\/wp-json\/wp\/v2\/pages"}],"about":[{"href":"http:\/\/amareve.fr\/en_en\/wp-json\/wp\/v2\/types\/page"}],"author":[{"embeddable":true,"href":"http:\/\/amareve.fr\/en_en\/wp-json\/wp\/v2\/users\/1"}],"replies":[{"embeddable":true,"href":"http:\/\/amareve.fr\/en_en\/wp-json\/wp\/v2\/comments?post=513"}],"version-history":[{"count":12,"href":"http:\/\/amareve.fr\/en_en\/wp-json\/wp\/v2\/pages\/513\/revisions"}],"predecessor-version":[{"id":1249,"href":"http:\/\/amareve.fr\/en_en\/wp-json\/wp\/v2\/pages\/513\/revisions\/1249"}],"wp:featuredmedia":[{"embeddable":true,"href":"http:\/\/amareve.fr\/en_en\/wp-json\/wp\/v2\/media\/1247"}],"wp:attachment":[{"href":"http:\/\/amareve.fr\/en_en\/wp-json\/wp\/v2\/media?parent=513"}],"curies":[{"name":"wp","href":"https:\/\/api.w.org\/{rel}","templated":true}]}}